{"id":12036,"date":"2017-05-28T14:04:21","date_gmt":"2017-05-28T14:04:21","guid":{"rendered":"http:\/\/web.ittenbach.org\/?page_id=12036"},"modified":"2020-02-13T17:00:38","modified_gmt":"2020-02-13T17:00:38","slug":"der-verein","status":"publish","type":"page","link":"https:\/\/ittenbach.org\/?page_id=12036","title":{"rendered":"Der Verein"},"content":{"rendered":"\n<p><strong>Historie<\/strong><br>Der B\u00fcrgervein VVI e.V. Ittenbach wurde am 12. Oktober 1949 als &#8222;Verkehrs- und Versch\u00f6nerungsverein Ittenbach&#8220; (VVI) gegr\u00fcndet.<br>          <img decoding=\"async\" loading=\"lazy\" width=\"539\" height=\"763\" class=\"wp-image-11882\" style=\"width: 150px;\" src=\"https:\/\/ittenbach.org\/wp-content\/uploads\/2016\/12\/gruend.gif\" alt=\"\">                                          <img decoding=\"async\" loading=\"lazy\" width=\"539\" height=\"810\" class=\"wp-image-11883\" style=\"width: 150px;\" src=\"https:\/\/ittenbach.org\/wp-content\/uploads\/2016\/12\/kasse.gif\" alt=\"\"><br>Der VVI hatte in seinen ersten Jahrzehnten vor allem ein Anliegen: die F\u00f6rderung des Fremdenverkehrs. Dazu geh\u00f6rte nat\u00fcrlich alles, was zur Dorfversch\u00f6nerung beitrug und die Ausweisung von Wanderwegen im Gebiet der bis 1969 zun\u00e4chst noch selbst\u00e4ndigen Gemeinde Ittenbach.<br>Nachdem die touristische Entwicklungsperspektive nicht mehr gegeben war, hat sich der VVI weiterhin der Aufgabe gewidmet, die Dorfversch\u00f6nerung zu unterst\u00fctzen, f\u00fcr die Kennzeichnung der Wanderwege zu sorgen, Seniorennachmittage durchzuf\u00fchren und Altersjubilare zu gratulieren. Einmal im Jahr holte der VVI alle Vereine an einen Tisch, um die vielf\u00e4ltigen Termine zu koordinieren.<br>Die Aktivit\u00e4ten des Verkehrs- und Vers\u00f6nerungsvereins hatten sich seit der Gr\u00fcndung 1949 inzwischen erheblich erweitert und verschoben, so dass diese mit dem Vereinszweck der Heimatpflege und F\u00f6rderung des Fremdenverkehrs nicht mehr abgedeckt waren. Der VVI-Vorstand bereitete daher eine Satzungs\u00e4nderung vor, mit der die Interessenvertretung f\u00fcr die B\u00fcrger und die F\u00f6rderung des Gemeinschaftslebens angesprochen werden sollte. In der Mitgliederversammlung am 26.08.1998 wurde nicht nur die Satzung sondern auch der Name ge\u00e4ndert. Seither hei\u00dft der traditionsreiche Verein: <strong><em>&#8222;B\u00fcrgerverein VVI e.V. Ittenbach&#8220;<\/em><\/strong>.<\/p>\n\n\n\n<p><strong>Vorsitzende<\/strong><br>Die Vorsitzenden des B\u00fcrgerveins VVI e.V.  Ittenbach seit 1949<\/p>\n\n\n\n<figure class=\"wp-block-table\"><table class=\"\"><tbody><tr><td>12.10.1949<\/td><td>Harry<\/td><td>Schillings<\/td><td>                          <\/td><\/tr><tr><td>14.09.1952<\/td><td>Willy<\/td><td>Schmidt<\/td><td><\/td><\/tr><tr><td>04.01.1956<\/td><td>Fritz<\/td><td>B\u00fcllesfeld<\/td><td><\/td><\/tr><tr><td>12.02.1963<\/td><td>Willi<\/td><td>Vogel<\/td><td><\/td><\/tr><tr><td>September 1969<\/td><td>Hans<\/td><td>Prinz<\/td><td>kommissarisch<\/td><\/tr><tr><td>10.04.1970<\/td><td>Wilbert<\/td><td>Krahe<\/td><td><\/td><\/tr><tr><td>Ab 1974<\/td><td>Dr. Gerhard<\/td><td>Krause<\/td><td><\/td><\/tr><tr><td>28.12.1978<\/td><td>Dr. Thilo<\/td><td>von Trotha<\/td><td>kommissarisch<\/td><\/tr><tr><td>03.04.1979<\/td><td>Rolf<\/td><td>G\u00f6rres<\/td><td><\/td><\/tr><tr><td>28.03.1989<\/td><td>Peter<\/td><td>Jungbluth<\/td><td><\/td><\/tr><tr><td>Juni 2002<\/td><td>Annette<\/td><td>Hirzel<\/td><td>kommissarisch<\/td><\/tr><tr><td>10.07.2002<\/td><td>Irma<\/td><td>Schneider<\/td><td><\/td><\/tr><tr><td>26.11.2003<\/td><td>Annette<\/td><td>Hirzel<\/td><td><\/td><\/tr><tr><td>20.11.2006<\/td><td>Manfred<\/td><td>St\u00fctzer<\/td><td><\/td><\/tr><tr><td>13.03.2019<\/td><td>Uwe<\/td><td>Hupke<\/td><td><\/td><\/tr><\/tbody><\/table><\/figure>\n\n\n\n<p><strong>Aufgaben<\/strong><br>Bis heute sichtbare Zeichen der VVI-Aktivit\u00e4ten sind neben den gekennzeichneten Wanderwegen die Wegetafeln, die auf dem Marienplatz und auf dem Parkplatz Lahrring\/L\u00f6wenburger Stra\u00dfe errichtet wurden. Hinzu kommen die an verschiedenen  Pl\u00e4tzen aufgestellte Ruheb\u00e4nke. Aber auch die Integration der zuvor an der Seite des Marienplatzes aufgestellte Mariens\u00e4ule in einen Brunnen und der Konservierung der S\u00e4ulenfigur gehen auf die Aktivit\u00e4ten des VVI zur\u00fcck wie die Gestaltung des Bereichs &#8222;an der Linde&#8220; mit dem Teich an der Einfahrt zum Hardtweg. <img decoding=\"async\" loading=\"lazy\" width=\"2560\" height=\"1920\" class=\"wp-image-12562\" style=\"width: 150px;\" src=\"https:\/\/ittenbach.org\/wp-content\/uploads\/2020\/01\/CIMG2225.jpg\" alt=\"\" srcset=\"https:\/\/ittenbach.org\/wp-content\/uploads\/2020\/01\/CIMG2225.jpg 2560w, https:\/\/ittenbach.org\/wp-content\/uploads\/2020\/01\/CIMG2225-300x225.jpg 300w, https:\/\/ittenbach.org\/wp-content\/uploads\/2020\/01\/CIMG2225-1024x768.jpg 1024w, https:\/\/ittenbach.org\/wp-content\/uploads\/2020\/01\/CIMG2225-768x576.jpg 768w, https:\/\/ittenbach.org\/wp-content\/uploads\/2020\/01\/CIMG2225-1536x1152.jpg 1536w, https:\/\/ittenbach.org\/wp-content\/uploads\/2020\/01\/CIMG2225-2048x1536.jpg 2048w\" sizes=\"(max-width: 767px) 89vw, (max-width: 1000px) 54vw, (max-width: 1071px) 543px, 580px\" \/><br><br>Im Laufe der Zeit hatte sich der &#8222;Verkehrsverein&#8220; mit Themen zu befassen, die dem urspr\u00fcnglichen Sinn des Wortes eine andere Bedeutung gaben.<br>Bei dem inzwischen abgeschlossenen Projekt des Neubaus der ICE-Schnellstrecke K\u00f6ln-Frankfurt hat sich der Verein mit Erfolg daf\u00fcr eingesetzt, dass die Bauarbeiten den Ort wenig belasten und die Fahrger\u00e4usche durch die Tieferlegung m\u00f6glichst niedrig gehalten werden. <br>Daf\u00fcr hat der Verkehr auf der L331 weiter zugenommen. In diesem Fall unterst\u00fctzt der VVI die Initiative-Verkehrsentlastung-Siebengbirge, die sich f\u00fcr den Bau der B56n (vormals Ennertaufstieg bzw. S\u00fcdtangente) mit Tunnell\u00f6sung als Verbindung von der S\u00fcdbr\u00fccke in Bonn zur A3   einsetzt, um unsere Stra\u00dfe zu entlasten. Dieser Dauerbrenner besch\u00e4ftigt den Ort und den VVI bereits seit den 90er Jahren.<br><br>Eine Erweiterung des VVI-Engagements zeigt sich in der Untert\u00fctzung der &#8222;B\u00fcrgeraktion Marienplatz&#8220;, die sich gegen die Aufstellung von Parkscheinautomaten auf dem zentralen Dorfplatz wandte.<br>Im Jahr 2006 konnte mit finanzieller Beteiligung von ortsans\u00e4ssigen Firmen und gesammelten Spenden das schief stehende Margarethenkreuz auf der Margarethenh\u00f6he an einen neuen Ort umgesetzt und gefestigt werden. Im Jahr 2016 lie\u00df der B\u00fcrgerverein das aus Trachyt gefertige Kreuz restaurieren. Damit ist die Inschrift wieder lesbar. <br><br>Die traditionellen Aufgaben werden jedoch nicht aus dem Auge gelassen. Wie gro\u00df das Gemeinschaftsleben ist, zeigt sich, wenn der VVI jedes Jahr die Seniorinnen und Senioren aus Ittenbach  <img decoding=\"async\" loading=\"lazy\" width=\"2560\" height=\"1920\" class=\"wp-image-12709\" style=\"width: 150px;\" src=\"https:\/\/ittenbach.org\/wp-content\/uploads\/2020\/02\/20141115_003.jpg\" alt=\"\" srcset=\"https:\/\/ittenbach.org\/wp-content\/uploads\/2020\/02\/20141115_003.jpg 2560w, https:\/\/ittenbach.org\/wp-content\/uploads\/2020\/02\/20141115_003-300x225.jpg 300w, https:\/\/ittenbach.org\/wp-content\/uploads\/2020\/02\/20141115_003-1024x768.jpg 1024w, https:\/\/ittenbach.org\/wp-content\/uploads\/2020\/02\/20141115_003-768x576.jpg 768w, https:\/\/ittenbach.org\/wp-content\/uploads\/2020\/02\/20141115_003-1536x1152.jpg 1536w, https:\/\/ittenbach.org\/wp-content\/uploads\/2020\/02\/20141115_003-2048x1536.jpg 2048w\" sizes=\"(max-width: 767px) 89vw, (max-width: 1000px) 54vw, (max-width: 1071px) 543px, 580px\" \/> zu einem vergn\u00fcgten Nachmittag einl\u00e4dt. Das Programm erstreckt sich von Tanzauftritten der \u00f6rtlichen Karnevalsgesellschaften \u00fcber humoristische Vortr\u00e4ge bis hin zu musikalischen Darbietungen von Ch\u00f6ren und Einzelk\u00fcnstlern.<br>Ein weiterer H\u00f6hepunkt eines jeden Jahres ist am 1. Advent das gemeinschaftliche Ansingen und Einschalten der Beleuchtung des Tannenbaumes vor der katholischen Kirche. Hierzu wirken verschiedene Vereine und tatkr\u00e4ftige Hilfe von Ittenbacher B\u00fcrger bei der Vorbereitung und Durchf\u00fchrung mit.<br>Der Vorstand des Vereins legt auch selber Hand an, er \u00fcberwacht und pflegt die Ruheb\u00e4nke, s\u00e4ubert und unterh\u00e4lt die Teichanlage <img decoding=\"async\" loading=\"lazy\" width=\"2560\" height=\"1920\" class=\"wp-image-12708\" style=\"width: 150px;\" src=\"https:\/\/ittenbach.org\/wp-content\/uploads\/2020\/02\/IMG_7140-scaled.jpg\" alt=\"\" srcset=\"https:\/\/ittenbach.org\/wp-content\/uploads\/2020\/02\/IMG_7140-scaled.jpg 2560w, https:\/\/ittenbach.org\/wp-content\/uploads\/2020\/02\/IMG_7140-300x225.jpg 300w, https:\/\/ittenbach.org\/wp-content\/uploads\/2020\/02\/IMG_7140-1024x768.jpg 1024w, https:\/\/ittenbach.org\/wp-content\/uploads\/2020\/02\/IMG_7140-768x576.jpg 768w, https:\/\/ittenbach.org\/wp-content\/uploads\/2020\/02\/IMG_7140-1536x1152.jpg 1536w, https:\/\/ittenbach.org\/wp-content\/uploads\/2020\/02\/IMG_7140-2048x1536.jpg 2048w\" sizes=\"(max-width: 767px) 89vw, (max-width: 1000px) 54vw, (max-width: 1071px) 543px, 580px\" \/>, den Brunnen sowie andere sch\u00f6ne Winkel des Ortes und \u00fcbernimmt die Bepflanzung der Tr\u00f6ge auf dem Marienplatz.<\/p>\n\n\n\n<p><strong>Fazit<\/strong><br>Ziel des B\u00fcrgervereins ist es, die gemeinsamen Belange und Interessen der B\u00fcrger\/-innen des Ortes Ittenbach zu wahren und zu f\u00f6rdern. Um all&#8216; diese z. T. kostenintensiven Aufgaben zu meistern, ist der Verein auf Spenden angewiesen. Ihre Hilfe ist jederzeit willkommen &#8211; f\u00fcr ein Leben in einem Ort, in dem wir uns wohl f\u00fchlen. Gemeinsam schaffen wir mehr.<br>Werden Sie Mitglied im <strong><em>&#8222;B\u00fcrgerverein VVI e.V. Ittenbach&#8220;<\/em><\/strong><\/p>\n","protected":false},"excerpt":{"rendered":"<p>HistorieDer B\u00fcrgervein VVI e.V. Ittenbach wurde am 12. Oktober 1949 als &#8222;Verkehrs- und Versch\u00f6nerungsverein Ittenbach&#8220; (VVI) gegr\u00fcndet. Der VVI hatte in seinen ersten Jahrzehnten vor allem ein Anliegen: die F\u00f6rderung &hellip; <\/p>\n<p class=\"link-more\"><a href=\"https:\/\/ittenbach.org\/?page_id=12036\" class=\"more-link\"><span class=\"screen-reader-text\">\u201eDer Verein\u201c<\/span> weiterlesen<\/a><\/p>\n","protected":false},"author":2,"featured_media":0,"parent":0,"menu_order":0,"comment_status":"closed","ping_status":"closed","template":"","meta":{"_bbp_topic_count":0,"_bbp_reply_count":0,"_bbp_total_topic_count":0,"_bbp_total_reply_count":0,"_bbp_voice_count":0,"_bbp_anonymous_reply_count":0,"_bbp_topic_count_hidden":0,"_bbp_reply_count_hidden":0,"_bbp_forum_subforum_count":0,"footnotes":""},"_links":{"self":[{"href":"https:\/\/ittenbach.org\/index.php?rest_route=\/wp\/v2\/pages\/12036"}],"collection":[{"href":"https:\/\/ittenbach.org\/index.php?rest_route=\/wp\/v2\/pages"}],"about":[{"href":"https:\/\/ittenbach.org\/index.php?rest_route=\/wp\/v2\/types\/page"}],"author":[{"embeddable":true,"href":"https:\/\/ittenbach.org\/index.php?rest_route=\/wp\/v2\/users\/2"}],"replies":[{"embeddable":true,"href":"https:\/\/ittenbach.org\/index.php?rest_route=%2Fwp%2Fv2%2Fcomments&post=12036"}],"version-history":[{"count":6,"href":"https:\/\/ittenbach.org\/index.php?rest_route=\/wp\/v2\/pages\/12036\/revisions"}],"predecessor-version":[{"id":12710,"href":"https:\/\/ittenbach.org\/index.php?rest_route=\/wp\/v2\/pages\/12036\/revisions\/12710"}],"wp:attachment":[{"href":"https:\/\/ittenbach.org\/index.php?rest_route=%2Fwp%2Fv2%2Fmedia&parent=12036"}],"curies":[{"name":"wp","href":"https:\/\/api.w.org\/{rel}","templated":true}]}}