{"id":12038,"date":"2017-05-28T14:17:02","date_gmt":"2017-05-28T14:17:02","guid":{"rendered":"http:\/\/web.ittenbach.org\/?page_id=12038"},"modified":"2020-01-08T13:53:58","modified_gmt":"2020-01-08T13:53:58","slug":"ittenbach","status":"publish","type":"page","link":"https:\/\/ittenbach.org\/?page_id=12038","title":{"rendered":"Ittenbach"},"content":{"rendered":"<p><span style=\"font-size: large;\"><b>Ittenbach<\/b><\/span><span style=\"font-size: large;\"> ist ein Stadtteil von K\u00f6nigswinter am Rande des Siebengebirges. Der Ort ist ein anerkannter Erholungs- und Fremdenverkehrsort und wird in der Region auch \u201e<\/span><span style=\"font-size: large;\"><i>\u00d6ttemich<\/i>\u201c<\/span><span style=\"font-size: large;\"> genannt.<\/span><\/p>\n<p><span style=\"font-size: large;\">Ittenbach wird <strong>922 n. Chr.<\/strong> erstmals in einer Urkunde des K\u00f6lner Erzbischofs Hermann I. erw\u00e4hnt, die den Nonnen von Gerresheim den Besitz eines Gutes in <\/span><span style=\"font-size: large;\">\u201e<em>Idubag<\/em>\u201c <\/span><span style=\"font-size: large;\">best\u00e4tigt.<\/span><\/p>\n<p><img decoding=\"async\" loading=\"lazy\" class=\"size-medium wp-image-12555 aligncenter\" src=\"http:\/\/web.ittenbach.org\/wp-content\/uploads\/2020\/01\/Ittenbach-003-300x225.jpg\" alt=\"Ittenbach Schautafel\" width=\"300\" height=\"225\" srcset=\"https:\/\/ittenbach.org\/wp-content\/uploads\/2020\/01\/Ittenbach-003-300x225.jpg 300w, https:\/\/ittenbach.org\/wp-content\/uploads\/2020\/01\/Ittenbach-003-1024x768.jpg 1024w, https:\/\/ittenbach.org\/wp-content\/uploads\/2020\/01\/Ittenbach-003-768x576.jpg 768w, https:\/\/ittenbach.org\/wp-content\/uploads\/2020\/01\/Ittenbach-003-1536x1152.jpg 1536w, https:\/\/ittenbach.org\/wp-content\/uploads\/2020\/01\/Ittenbach-003-2048x1536.jpg 2048w\" sizes=\"(max-width: 300px) 100vw, 300px\" \/><\/p>\n<p><span style=\"font-size: large;\">1320 ist dann die Schreibweise <\/span><span style=\"font-size: large;\">\u201e<em>Yttenbag<\/em>\u201c <\/span><span style=\"font-size: large;\">belegt. Bis 1806 geh\u00f6rt Ittenbach zum kurk\u00f6lnischen Amt Wolkenburg, kam nach der Bildung des Reichsbundes zum Gro\u00dfherzogtum Berg und geh\u00f6rte zum Kanton K\u00f6nigswinter im D\u00e9partement Rhein. Im Rahmen der kommunalen Neugliederung im Jahre 1969 entstand die Stadt K\u00f6nigswinter mit dem Stadtteil Ittenbach.<\/span><\/p>\n<p><span style=\"font-size: large;\">Von den heftigen kriegerischen Auseinandersetzungen zum Ende des 2. Weltkrieges zeugt der 1946 angelegte und 1951 eingeweihte gr\u00f6\u00dfte Soldatenfriedhof in Nordrhein-Westfalen in der Logebachstra\u00dfe. <\/span><\/p>\n<p><span style=\"font-size: large;\">Ittenbach hat mit Einschluss der Ortsteile Gr\u00e4fenhohn, H\u00fcscheid, Margarethenh\u00f6he und D\u00f6ttscheid 3.845 Einwohner in 2.189 Haushalten (Stand: 30.09.2019). Die Wohngebiete liegen zwischen 200 und 300 Metern \u00fcber dem Meeresspiegel. H\u00f6chste Erhebung ist der westlich von Ittenbach liegende <\/span><span style=\"font-size: large;\">\u201e<em>Gro\u00dfe \u00d6lberg<\/em>\u201c<\/span><span style=\"font-size: large;\"> mit 461 Metern. Durchquert wird der Ort vom oberhalb entspringenden <\/span><span style=\"font-size: large;\">\u201e<em>Rottbach<\/em>\u201c<\/span><span style=\"font-size: large;\"> , der \u00fcber den L\u00fctzbach dem Pleisbach zuflie\u00dft. Das am h\u00f6chsten gelegene Wohngebiet der Stadt K\u00f6nigswinter liegt am Hang des Lohrbergs und wird \u201e<\/span><span style=\"font-size: large;\"><em>Lahr<\/em>\u201c<\/span><span style=\"font-size: large;\"> genannt. Die durch Ittenbach verlaufende Landstra\u00dfe 331 \u00fcberquert an ihrem h\u00f6chsten Punkt (320 m) den Ortsteil Margarethenh\u00f6he. <\/span><\/p>\n<p><span style=\"font-size: large;\">Durch die <strong>Lage<\/strong> am Rande des Siebengebirges mit dem Naturschutzgebiet und der damit verbundenen guten Luft war Ittenbach schon zu Zeiten der Rheinromantik im 19. Jahrhundert ein beliebtes Ausflugsgebiet mit einer Reihe von Gastst\u00e4tten und Hotels gewesen. Heute spielt der Tourismus nicht mehr die zentrale Rolle, der Ort ist mit der N\u00e4he zu Bonn und K\u00f6ln als ausgezeichnetes Wohngebiet beliebt.<\/span><\/p>\n<p><span style=\"font-size: large;\">Einen verkehrsg\u00fcnstigen Standort hat Ittenbach mit der Anschlussstelle Siebengebirge der BAB 3, eine Buslinie verbindet den Ort mit dem ICE-Bahnhof in Siegburg, eine weitere Linie f\u00fchrt nach K\u00f6nigswinter an die Stadtbahnlinie 66 und an die F\u00e4hre nach Bonn-Bad Godesberg. <br \/>Das steigende Verkehrsaufkommen belastet des Stadtteil in starkem Ma\u00dfe. Eine B\u00fcrgerinitiative bef\u00fcrwortet die Wiederaufnahme des 2003 aus dem Bundesverkehrs-wegeplan gestrichenen Ennertaufstiegs. Eine neu zu planende Trassenf\u00fchrung mit erweiterter Tunnell\u00f6sung f\u00fcr dieses Projekts wird unter der Bezeichnung \u201eB56n\u201c angestrebt.<\/span><\/p>\n<p><span style=\"font-size: large;\"><br \/>Zu den bedeutendsten <strong>Bauwerken<\/strong> geh\u00f6ren die katholische Kirche \u201eZur Schmerzhaften Mutter\u201c, ein Saalbau aus Trachyt, der im Jahre 1833 entstand mit Anbau des Westturms in 1894 sowie Erweiterungen in 1953 (Vorbau) und 1969\/70 (Querhaus und Chor), die Gastwirtschaft \u201eMargarethenkreuz\u201c und das ehemalige Hotel \u201eMargarethenhof\u201c auf der \u201eMargarethenh\u00f6he&#8220;. Benannt ist der Ort nach dem dort aufgestellten Margarethenkreuz, das 1641 von Ittenbacher B\u00fcrger als Wegekreuz des Bittweges zur Wallfahrtskapelle auf dem Petersberg gestiftet wurde.<br \/>Eine Metallskulptur schm\u00fcckt den Kreisel an der A3 (Auffahrt Richtung Frankfurt). Sieben in einem Sockel eingelassene B\u00f6gen aus Stahl sollen Besucher willkommen hei\u00dfen.\u00a0 Sie stehen unreglem\u00e4\u00dfig ineinander, um die anmutige Symetrie des Siebengebirges widerzuspiegeln. So beschreiben die K\u00fcnstler Kurt Volkert und Wolfgang Saalmann ihr Werk Tor zum Siebengebirge.<br \/><\/span><\/p>\n<p><img decoding=\"async\" loading=\"lazy\" class=\"wp-image-12556 alignnone\" src=\"http:\/\/web.ittenbach.org\/wp-content\/uploads\/2020\/01\/IMG_2721-300x225.jpeg\" alt=\"Zur Schmerzhaften Mutter\" width=\"302\" height=\"226\" srcset=\"https:\/\/ittenbach.org\/wp-content\/uploads\/2020\/01\/IMG_2721-300x225.jpeg 300w, https:\/\/ittenbach.org\/wp-content\/uploads\/2020\/01\/IMG_2721-1024x768.jpeg 1024w, https:\/\/ittenbach.org\/wp-content\/uploads\/2020\/01\/IMG_2721-768x576.jpeg 768w, https:\/\/ittenbach.org\/wp-content\/uploads\/2020\/01\/IMG_2721-1536x1152.jpeg 1536w, https:\/\/ittenbach.org\/wp-content\/uploads\/2020\/01\/IMG_2721-2048x1536.jpeg 2048w\" sizes=\"(max-width: 302px) 100vw, 302px\" \/> \u00a0 <img decoding=\"async\" loading=\"lazy\" class=\" wp-image-12563 alignnone\" src=\"http:\/\/web.ittenbach.org\/wp-content\/uploads\/2020\/01\/IMG_2716-225x300.jpeg\" alt=\"Tor zum Siebengebirge\" width=\"206\" height=\"275\" srcset=\"https:\/\/ittenbach.org\/wp-content\/uploads\/2020\/01\/IMG_2716-225x300.jpeg 225w, https:\/\/ittenbach.org\/wp-content\/uploads\/2020\/01\/IMG_2716-768x1024.jpeg 768w, https:\/\/ittenbach.org\/wp-content\/uploads\/2020\/01\/IMG_2716-1152x1536.jpeg 1152w, https:\/\/ittenbach.org\/wp-content\/uploads\/2020\/01\/IMG_2716-1536x2048.jpeg 1536w, https:\/\/ittenbach.org\/wp-content\/uploads\/2020\/01\/IMG_2716-scaled.jpeg 1920w\" sizes=\"(max-width: 206px) 100vw, 206px\" \/><\/p>\n<p>\u00a0<\/p>\n<p><span style=\"font-size: large;\">Namhafte <strong>Pers\u00f6nlichkeiten<\/strong> leben bzw. lebten in Ittenbach:<\/span><\/p>\n<p><span style=\"font-size: large;\"><em>Josef M\u00fcller<\/em> &#8211; Volkskundler und Herausgeber des Rheinischen<br \/><\/span><span style=\"font-size: large;\">W\u00f6rterbuches<br \/><\/span><span style=\"font-size: large;\"><em>Bernhard Stasiewski<\/em> &#8211; Professor f\u00fcr Neuere und Neuste Kirchengeschichte und Kirchengeschichte Osteuropas, katholischer Priester und Seelsorger<br \/><\/span><span style=\"font-size: large;\"><em>Alf Marholm<\/em> &#8211; Theater- und Filmschauspieler<br \/><em>Reinhard Selten<\/em> &#8211; Nobelpreistr\u00e4ger f\u00fcr Wirtschaftswissenschaften<br \/><\/span><span style=\"font-size: large;\"><em>Matthias Ponnier<\/em> &#8211; Theater- und Filmschauspieler, Synchron- und H\u00f6rbuchsprecher<br \/><em>Ralf Schmitz<\/em> &#8211; Comedian<br \/><\/span><span style=\"font-size: large;\"><em>Frank Appel<\/em> &#8211; Vorstandsvorsitzender Deutsche Post AG<\/span><\/p>\n<p>\u00a0<\/p>\n\n\n<figure class=\"wp-block-gallery columns-3 is-cropped wp-block-gallery-1 is-layout-flex wp-block-gallery-is-layout-flex\"><ul class=\"blocks-gallery-grid\"><li class=\"blocks-gallery-item\"><figure><img decoding=\"async\" loading=\"lazy\" width=\"768\" height=\"1024\" src=\"http:\/\/web.ittenbach.org\/wp-content\/uploads\/2020\/01\/IMG_2704-768x1024.jpeg\" alt=\"\" data-id=\"12557\" data-link=\"http:\/\/web.ittenbach.org\/?attachment_id=12557\" class=\"wp-image-12557\" srcset=\"https:\/\/ittenbach.org\/wp-content\/uploads\/2020\/01\/IMG_2704-768x1024.jpeg 768w, https:\/\/ittenbach.org\/wp-content\/uploads\/2020\/01\/IMG_2704-225x300.jpeg 225w, https:\/\/ittenbach.org\/wp-content\/uploads\/2020\/01\/IMG_2704-1152x1536.jpeg 1152w, https:\/\/ittenbach.org\/wp-content\/uploads\/2020\/01\/IMG_2704-1536x2048.jpeg 1536w, https:\/\/ittenbach.org\/wp-content\/uploads\/2020\/01\/IMG_2704-scaled.jpeg 1920w\" sizes=\"(max-width: 767px) 89vw, (max-width: 1000px) 54vw, (max-width: 1071px) 543px, 580px\" \/><\/figure><\/li><li class=\"blocks-gallery-item\"><figure><img decoding=\"async\" loading=\"lazy\" width=\"768\" height=\"1024\" src=\"http:\/\/web.ittenbach.org\/wp-content\/uploads\/2020\/01\/CIMG2237-768x1024.jpg\" alt=\"\" data-id=\"12558\" data-link=\"http:\/\/web.ittenbach.org\/?attachment_id=12558\" class=\"wp-image-12558\" srcset=\"https:\/\/ittenbach.org\/wp-content\/uploads\/2020\/01\/CIMG2237-768x1024.jpg 768w, https:\/\/ittenbach.org\/wp-content\/uploads\/2020\/01\/CIMG2237-225x300.jpg 225w, https:\/\/ittenbach.org\/wp-content\/uploads\/2020\/01\/CIMG2237-1152x1536.jpg 1152w, https:\/\/ittenbach.org\/wp-content\/uploads\/2020\/01\/CIMG2237-1536x2048.jpg 1536w, https:\/\/ittenbach.org\/wp-content\/uploads\/2020\/01\/CIMG2237.jpg 1920w\" sizes=\"(max-width: 767px) 89vw, (max-width: 1000px) 54vw, (max-width: 1071px) 543px, 580px\" \/><\/figure><\/li><li class=\"blocks-gallery-item\"><figure><img decoding=\"async\" loading=\"lazy\" width=\"768\" height=\"1024\" src=\"http:\/\/web.ittenbach.org\/wp-content\/uploads\/2020\/01\/CIMG2234-768x1024.jpg\" alt=\"\" data-id=\"12559\" data-link=\"http:\/\/web.ittenbach.org\/?attachment_id=12559\" class=\"wp-image-12559\" srcset=\"https:\/\/ittenbach.org\/wp-content\/uploads\/2020\/01\/CIMG2234-768x1024.jpg 768w, https:\/\/ittenbach.org\/wp-content\/uploads\/2020\/01\/CIMG2234-225x300.jpg 225w, https:\/\/ittenbach.org\/wp-content\/uploads\/2020\/01\/CIMG2234-1152x1536.jpg 1152w, https:\/\/ittenbach.org\/wp-content\/uploads\/2020\/01\/CIMG2234-1536x2048.jpg 1536w, https:\/\/ittenbach.org\/wp-content\/uploads\/2020\/01\/CIMG2234.jpg 1920w\" sizes=\"(max-width: 767px) 89vw, (max-width: 1000px) 54vw, (max-width: 1071px) 543px, 580px\" \/><\/figure><\/li><li class=\"blocks-gallery-item\"><figure><img decoding=\"async\" loading=\"lazy\" width=\"1024\" height=\"768\" src=\"http:\/\/web.ittenbach.org\/wp-content\/uploads\/2020\/01\/CIMG2231-1024x768.jpg\" alt=\"\" data-id=\"12561\" data-link=\"http:\/\/web.ittenbach.org\/?attachment_id=12561\" class=\"wp-image-12561\" srcset=\"https:\/\/ittenbach.org\/wp-content\/uploads\/2020\/01\/CIMG2231-1024x768.jpg 1024w, https:\/\/ittenbach.org\/wp-content\/uploads\/2020\/01\/CIMG2231-300x225.jpg 300w, https:\/\/ittenbach.org\/wp-content\/uploads\/2020\/01\/CIMG2231-768x576.jpg 768w, https:\/\/ittenbach.org\/wp-content\/uploads\/2020\/01\/CIMG2231-1536x1152.jpg 1536w, https:\/\/ittenbach.org\/wp-content\/uploads\/2020\/01\/CIMG2231-2048x1536.jpg 2048w\" sizes=\"(max-width: 767px) 89vw, (max-width: 1000px) 54vw, (max-width: 1071px) 543px, 580px\" \/><\/figure><\/li><li class=\"blocks-gallery-item\"><figure><img decoding=\"async\" loading=\"lazy\" width=\"1024\" height=\"768\" src=\"http:\/\/web.ittenbach.org\/wp-content\/uploads\/2020\/01\/CIMG2225-1024x768.jpg\" alt=\"\" data-id=\"12562\" data-full-url=\"http:\/\/web.ittenbach.org\/wp-content\/uploads\/2020\/01\/CIMG2225.jpg\" data-link=\"http:\/\/web.ittenbach.org\/?attachment_id=12562\" class=\"wp-image-12562\" srcset=\"https:\/\/ittenbach.org\/wp-content\/uploads\/2020\/01\/CIMG2225-1024x768.jpg 1024w, https:\/\/ittenbach.org\/wp-content\/uploads\/2020\/01\/CIMG2225-300x225.jpg 300w, https:\/\/ittenbach.org\/wp-content\/uploads\/2020\/01\/CIMG2225-768x576.jpg 768w, https:\/\/ittenbach.org\/wp-content\/uploads\/2020\/01\/CIMG2225-1536x1152.jpg 1536w, https:\/\/ittenbach.org\/wp-content\/uploads\/2020\/01\/CIMG2225-2048x1536.jpg 2048w\" sizes=\"(max-width: 767px) 89vw, (max-width: 1000px) 54vw, (max-width: 1071px) 543px, 580px\" \/><\/figure><\/li><\/ul><figcaption class=\"blocks-gallery-caption\"><strong>Impressionen aus Ittenbach<\/strong><\/figcaption><\/figure>\n","protected":false},"excerpt":{"rendered":"<p>Ittenbach ist ein Stadtteil von K\u00f6nigswinter am Rande des Siebengebirges. Der Ort ist ein anerkannter Erholungs- und Fremdenverkehrsort und wird in der Region auch \u201e\u00d6ttemich\u201c genannt. Ittenbach wird 922 n. &hellip; <\/p>\n<p class=\"link-more\"><a href=\"https:\/\/ittenbach.org\/?page_id=12038\" class=\"more-link\"><span class=\"screen-reader-text\">\u201eIttenbach\u201c<\/span> weiterlesen<\/a><\/p>\n","protected":false},"author":2,"featured_media":0,"parent":0,"menu_order":0,"comment_status":"closed","ping_status":"closed","template":"","meta":{"_bbp_topic_count":0,"_bbp_reply_count":0,"_bbp_total_topic_count":0,"_bbp_total_reply_count":0,"_bbp_voice_count":0,"_bbp_anonymous_reply_count":0,"_bbp_topic_count_hidden":0,"_bbp_reply_count_hidden":0,"_bbp_forum_subforum_count":0,"footnotes":""},"_links":{"self":[{"href":"https:\/\/ittenbach.org\/index.php?rest_route=\/wp\/v2\/pages\/12038"}],"collection":[{"href":"https:\/\/ittenbach.org\/index.php?rest_route=\/wp\/v2\/pages"}],"about":[{"href":"https:\/\/ittenbach.org\/index.php?rest_route=\/wp\/v2\/types\/page"}],"author":[{"embeddable":true,"href":"https:\/\/ittenbach.org\/index.php?rest_route=\/wp\/v2\/users\/2"}],"replies":[{"embeddable":true,"href":"https:\/\/ittenbach.org\/index.php?rest_route=%2Fwp%2Fv2%2Fcomments&post=12038"}],"version-history":[{"count":3,"href":"https:\/\/ittenbach.org\/index.php?rest_route=\/wp\/v2\/pages\/12038\/revisions"}],"predecessor-version":[{"id":12565,"href":"https:\/\/ittenbach.org\/index.php?rest_route=\/wp\/v2\/pages\/12038\/revisions\/12565"}],"wp:attachment":[{"href":"https:\/\/ittenbach.org\/index.php?rest_route=%2Fwp%2Fv2%2Fmedia&parent=12038"}],"curies":[{"name":"wp","href":"https:\/\/api.w.org\/{rel}","templated":true}]}}