{"id":12203,"date":"2018-01-21T15:47:22","date_gmt":"2018-01-21T15:47:22","guid":{"rendered":"http:\/\/web.ittenbach.org\/?page_id=12203"},"modified":"2026-04-05T14:09:03","modified_gmt":"2026-04-05T14:09:03","slug":"vereine-in-ittenbach","status":"publish","type":"page","link":"https:\/\/ittenbach.org\/?page_id=12203","title":{"rendered":"Vereine in Ittenbach"},"content":{"rendered":"\n<p><\/p>\n\n\n\n<figure class=\"wp-block-table is-style-regular has-small-font-size\" style=\"font-style:normal;font-weight:700\"><table><tbody><tr><td class=\"has-text-align-left\" data-align=\"left\"><span style=\"color: #000000; font-family: Arial; font-size: large;\"><b>Verein<\/b><\/span><\/td><td><span style=\"color: #000000; font-family: Arial; font-size: large;\"><b>Ansprechpartner Telefon<\/b><\/span><\/td><td><span style=\"color: #000000; font-family: Arial; font-size: large;\"><b>E-Mail<\/b><\/span><\/td><\/tr><tr><td class=\"has-text-align-left\" data-align=\"left\">&nbsp;<\/td><td>&nbsp;<\/td><td>&nbsp;<\/td><\/tr><tr><td class=\"has-text-align-left\" data-align=\"left\"><span style=\"color: #000000; font-family: Arial; font-size: small;\"><b>B\u00fcrgerverein VVI e.V.<\/b><\/span><\/td><td><span style=\"color: #000000; font-family: Arial; font-size: small;\">Volker R\u00f6sener<br>0173 3573310<\/span><\/td><td><span style=\"color: #0000ca; font-family: Arial; font-size: small;\"><u><a href=\"mailto:info@ittenbach.org\">info@ittenbach.org<\/a><\/u><\/span><\/td><\/tr><tr><td class=\"has-text-align-left\" data-align=\"left\"><strong><span style=\"color: #000000; font-family: Arial; font-size: small;\"><b>Club Carrom<\/b><\/span><\/strong><\/td><td><span style=\"color: #000000; font-family: Arial; font-size: small;\">Alexander Sch\u00e4fer<br>02223 NN<\/span><\/td><td><br><a href=\"mailto:carrom.club.7-gebirge@gmx.de\"><u>carrom.club.7-gebirge@gmx.de<\/u><\/a><\/td><\/tr><tr><td class=\"has-text-align-left\" data-align=\"left\"><p><span style=\"color: #000000; font-family: Arial; font-size: small;\"><b>DPSG &#8211; Stamm Idubag<\/b><\/span><span style=\"font-family: inherit; font-size: inherit;\"><\/span><\/p><\/td><td><span style=\"color: #000000; font-family: Arial; font-size: small;\">Thomas Welter<br><\/span><span style=\"color: #000000; font-family: Arial; font-size: small;\">02223 2959732<\/span><\/td><td><span style=\"color: #0000ca; font-family: Arial; font-size: small;\"><a href=\"mailto:info@dpsg-ittenbach.de\"><u>info@dpsg-ittenbach.de<\/u><\/a><\/span><\/td><\/tr><tr><td class=\"has-text-align-left\" data-align=\"left\"><span style=\"color: #000000; font-family: Arial; font-size: small;\"><b>Ev. Kirchengemeinde<\/b><\/span><\/td><td><span style=\"color: #000000; font-family: Arial; font-size: small;\">Canina Jung<br>Birgit Retzmann<br><\/span><span style=\"color: #000000; font-family: Arial; font-size: small;\">02244 2357<\/span><\/td><td><span style=\"color: #0000ca; font-family: Arial; font-size: small;\"><a href=\"mailto:siebengebirge@ekir.de\"><u>siebengebirge@ekir.de<\/u><\/a><\/span><\/td><\/tr><tr><td class=\"has-text-align-left\" data-align=\"left\"><span style=\"color: #000000; font-family: Arial; font-size: small;\"><b>Freiwillige Feuerwehr<\/b><\/span><\/td><td><span style=\"color: #000000; font-family: Arial; font-size: small;\">Manuel Nagel<\/span><br><span style=\"color: #000000; font-family: Arial; font-size: small;\">0176 20808248  <\/span><\/td><td><span style=\"color: #0000ca; font-family: Arial; font-size: small;\"><a href=\"mailto:manuel.nagel@feuerwehr-koenigswinter.de\"><u>manuel.nagel@feuerwehr-koenigswinter.de<\/u><\/a><\/span><\/td><\/tr><tr><td class=\"has-text-align-left\" data-align=\"left\"><span style=\"color: #000000; font-family: Arial; font-size: small;\"><b>FV B\u00fcrgerhaus Ittenbach e. V.<\/b><\/span><\/td><td><span style=\"color: #000000; font-family: Arial; font-size: small;\">Klaus Grabert<br><\/span><span style=\"color: #000000; font-family: Arial; font-size: small;\">02223 9058497<\/span><\/td><td><span style=\"color: #0000ca; font-family: Arial; font-size: small;\"><a href=\"mailto:info@buergerhaus-ittenbach.de\"><u>info@buergerhaus-ittenbach.de<\/u><u><\/u><\/a><\/span><\/td><\/tr><tr><td class=\"has-text-align-left\" data-align=\"left\"><span style=\"color: #000000; font-family: Arial; font-size: small;\"><b>Gewerbeverein Ittenbach<\/b><\/span><\/td><td><span style=\"color: #000000; font-family: Arial; font-size: small;\">Carina Weniger<br><\/span><span style=\"color: #000000; font-family: Arial; font-size: small;\">02223 278367<\/span><\/td><td><span style=\"color: #0000ca; font-family: Arial; font-size: small;\"><a href=\"mailto:carinaweniger@gmx.de\"><u>carinaweniger@gmx.de<\/u><u><\/u><\/a><\/span><\/td><\/tr><tr><td class=\"has-text-align-left\" data-align=\"left\"><span style=\"color: #000000; font-family: Arial; font-size: small;\"><b>HSG Siebengebirge-Thomasberg e.V.<\/b><\/span><\/td><td><span style=\"color: #000000; font-family: Arial; font-size: small;\">Ralf R\u00f6ttgen<\/span><span style=\"color: #000000; font-family: Arial; font-size: small;\"><br>02244 901012<\/span><\/td><td><span style=\"color: #0000ca; font-family: Arial; font-size: small;\"><a href=\"mailto:heike.segadlo@t-online.de\"><u><\/u><\/a><u><a href=\"mailto:handball@hsg-siebengebirge.de\"><u>handball@hsg-siebengebirge.de<\/u><\/a><\/u><\/span><\/td><\/tr><tr><td class=\"has-text-align-left\" data-align=\"left\"><span style=\"color: #000000; font-family: Arial; font-size: small;\"><b>Ittenbacher Bl\u00e4sercorps<\/b><\/span><\/td><td><span style=\"color: #000000; font-family: Arial; font-size: small;\">Johannes-Martin Hoffmann<\/span> <br><span style=\"color: #000000; font-family: Arial; font-size: small;\">02223 7920085<\/span><\/td><td><span style=\"color: #0000ca; font-family: Arial; font-size: small;\"><u><a href=\"mailto:sonja.brenner@izb.fraunhofer.de\"><\/a><a href=\"mailto:vorstand@ittenbacher-blaeser.de\"><u>vorstand@ittenbacher-blaeser.de<\/u><\/a><\/u><\/span><\/td><\/tr><tr><td class=\"has-text-align-left\" data-align=\"left\"><span style=\"color: #000000; font-family: Arial; font-size: small;\"><b>Kath. Familienzentrum Kgw. &#8211; Am Oelberg<\/b><\/span><\/td><td><span style=\"color: #000000; font-family: Arial; font-size: small;\">Dorothee Steinmann<br>0151 223670356<\/span><\/td><td><a href=\"mailto:dorothee.steinmann@erzbistum-koeln.de\"><u>dorothee.steinmann@erzbistum-koeln.de<\/u><\/a><\/td><\/tr><tr><td class=\"has-text-align-left\" data-align=\"left\">B\u00fccherei Ittenbach<\/td><td>Doro B\u00fcttgen<br>Katja Esser<br>02223 279490<\/td><td><a href=\"mailto:koeb.ittenbach@erzbistum-koeln.de\"><u>koeb.ittenbach@erzbistum-koeln.de<\/u><\/a><\/td><\/tr><tr><td class=\"has-text-align-left\" data-align=\"left\"><span style=\"color: #000000; font-family: Arial; font-size: small;\"><b>Kath. Grundschule<\/b><\/span><\/td><td><span style=\"color: #000000; font-family: Arial; font-size: small;\">NN <br><\/span><span style=\"color: #000000; font-family: Arial; font-size: small;\">02223 26919<\/span><\/td><td><span style=\"color: #0000ca; font-family: Arial; font-size: small;\"><u><a href=\"mailto:sekretariat@kgs-ittenbach.nrw.schule.de\">sekretariat@kgs-ittenbach.nrw.schule.de<\/a><\/u><\/span><\/td><\/tr><tr><td class=\"has-text-align-left\" data-align=\"left\"><span style=\"color: #000000; font-family: Arial; font-size: small;\"><b>Kath. Grundschule F\u00f6rderverein<\/b><\/span><\/td><td><span style=\"color: #000000; font-family: Arial; font-size: small;\">Torsten Debicki<br>NN<\/span><\/td><td><a href=\"mailto:foerderverein@kgs-ittenbach.de\"><u>foerderverein@kgs-ittenbach.de<\/u><\/a><\/td><\/tr><tr><td class=\"has-text-align-left\" data-align=\"left\"><span style=\"color: #000000; font-family: Arial; font-size: small;\"><b>Kath. Grundschule Schulpflegschaft<\/b><\/span><\/td><td><span style=\"color: #000000; font-family: Arial; font-size: small;\">Saskia Klemp<\/span><br><span style=\"color: #000000; font-family: Arial; font-size: small;\">0179 5988026<\/span><\/td><td><a href=\"mailto:saskia.klemp@posteo.de\"><u><strong>saskia.klemp@posteo.de<\/strong><\/u><\/a><\/td><\/tr><tr><td class=\"has-text-align-left\" data-align=\"left\"><span style=\"color: #000000; font-family: Arial; font-size: small;\"><b>Kath. Kindergarten Sankt Lukas<\/b><\/span><\/td><td><span style=\"color: #000000; font-family: Arial; font-size: small;\">Denise Wirges<br><\/span><span style=\"color: #000000; font-family: Arial; font-size: small;\">02223 24339<\/span><\/td><td><span style=\"color: #0000ca; font-family: Arial; font-size: small;\"><a href=\"mailto:kita.ittenbach@kirche-am-oelberg.de\"><u>kita.ittenbach@kirche-am-oelberg.de<\/u><\/a><\/span><\/td><\/tr><tr><td class=\"has-text-align-left\" data-align=\"left\"><span style=\"color: #000000; font-family: Arial; font-size: small;\"><b>Kath. Kirchengemeinde<\/b><\/span><\/td><td><span style=\"color: #000000; font-family: Arial; font-size: small;\">NN<br><\/span><span style=\"color: #000000; font-family: Arial; font-size: small;\">02223 21882<\/span><\/td><td><span style=\"color: #0000ca; font-family: Arial; font-size: small;\"><a href=\"mailto:pfarrbuero.ittenbach@kirche-am-oelberg.de\"><u>pfarrbuero.ittenbach@kirche-am-oelberg.de<\/u><\/a><\/span><\/td><\/tr><tr><td class=\"has-text-align-left\" data-align=\"left\"><strong><span style=\"color: #000000; font-family: Arial; font-size: small;\"><b>Kath. Kirche gesch\u00e4ftsf\u00fchrende Vorsitzende<\/b><\/span><\/strong><\/td><td><strong>Carina Henseler-Leven<\/strong><br><span style=\"color: #000000; font-family: Arial; font-size: small;\">0151 19325077<\/span><\/td><td><a href=\"mailto:carina.henseler-leven@kirche-am-oelberg.de\">carina.henseler-leven@kirche-am-oelberg.de<\/a><\/td><\/tr><tr><td class=\"has-text-align-left\" data-align=\"left\"><span style=\"color: #000000; font-family: Arial; font-size: small;\"><b>KC Oelbergpiraten<\/b><\/span><\/td><td><span style=\"color: #000000; font-family: Arial; font-size: small;\">Klaus Kunkel<br>0172 9994822<\/span><\/td><td><span style=\"color: #0000ca; font-family: Arial; font-size: small;\"><a href=\"mailto:oelbergpiraten@gmx.de\"><u>oelbergpiraten@gmx.de<\/u><u><\/u><\/a><\/span><\/td><\/tr><tr><td class=\"has-text-align-left\" data-align=\"left\"><span style=\"color: #000000; font-family: Arial; font-size: small;\"><b>Maiclub Ittenbach<\/b><\/span><\/td><td><span style=\"color: #000000; font-family: Arial; font-size: small;\">Klaus Leven<br><\/span><span style=\"color: #000000; font-family: Arial; font-size: small;\">02223 24455<\/span><\/td><td><span style=\"color: #0000ca; font-family: Arial; font-size: small;\"><a href=\"mailto:Perlenhardt@t-online.de\"><u>Perlenhardt@t-online.de<\/u><u><\/u><\/a><\/span><\/td><\/tr><tr><td class=\"has-text-align-left\" data-align=\"left\"><span style=\"color: #000000; font-family: Arial; font-size: small;\"><b>MGV Eintracht<\/b><\/span> (aufgel\u00f6st)<\/td><td><span style=\"color: #000000; font-family: Arial; font-size: small;\">Ralph-Georg Clauss<br><\/span><span style=\"color: #000000; font-family: Arial; font-size: small;\">0151 19681155<\/span><\/td><td><span style=\"color: #0000ff; font-family: Arial; font-size: small;\"><a href=\"mailto:ralph.clauss@t-online.de\"><u>ralph.clauss@t-online.de<\/u><\/a><\/span><\/td><\/tr><tr><td class=\"has-text-align-left\" data-align=\"left\"><span style=\"color: #000000; font-family: Arial; font-size: small;\"><b>SSG K\u00f6nigswinter<\/b><\/span><\/td><td><span style=\"color: #000000; font-family: Arial; font-size: small;\">Melanie Gau<br>0175 4138752<\/span><\/td><td><a href=\"mailto:ssg.koewi@web.de\"><u>ssg.koewi@web.de<\/u><\/a><\/td><\/tr><tr><td class=\"has-text-align-left\" data-align=\"left\"><span style=\"color: #000000; font-family: Arial; font-size: small;\"><b>Villa Kunterbunt<\/b><\/span><\/td><td><span style=\"color: #000000; font-family: Arial; font-size: small;\">Maren Keisers<br><\/span><span style=\"color: #000000; font-family: Arial; font-size: small;\">02223 4664<\/span><\/td><td><span style=\"color: #0000ca; font-family: Arial; font-size: small;\"><u><a href=\"mailto:familienzentrum@elterninitiative-villakunterbunt.de\">v<\/a><\/u><u><a href=\"mailto:familienzentrum@elterninitiative-villakunterbunt.de\">e<\/a><\/u><u><a href=\"mailto:familienzentrum@elterninitiative-villakunterbunt.de\">r<\/a><\/u><u><a href=\"mailto:familienzentrum@elterninitiative-villakunterbunt.de\">w<\/a><\/u><u><a href=\"mailto:familienzentrum@elterninitiative-villakunterbunt.de\">a<\/a><\/u><u><a href=\"mailto:familienzentrum@elterninitiative-villakunterbunt.de\">l<\/a><\/u><u><a href=\"mailto:familienzentrum@elterninitiative-villakunterbunt.de\">t<\/a><\/u><u><a href=\"mailto:familienzentrum@elterninitiative-villakunterbunt.de\">u<\/a><\/u><u><a href=\"mailto:familienzentrum@elterninitiative-villakunterbunt.de\">n<\/a><\/u><a href=\"mailto:familienzentrum@elterninitiative-villakunterbunt.de\"><u>g<\/u><\/a><u><a href=\"mailto:familienzentrum@elterninitiative-villakunterbunt.de\">@elterninitiative-villakunterbunt.de<\/a><\/u><\/span><\/td><\/tr><tr><td class=\"has-text-align-left\" data-align=\"left\"><span style=\"color: #000000; font-family: Arial; font-size: small;\"><b>Virtuelles Heimatmuseum<\/b><\/span><\/td><td><span style=\"color: #000000; font-family: Arial; font-size: small;\">Annette Hirzel<br>02223 24670<\/span><\/td><td><span style=\"color: #0000ca; font-family: Arial; font-size: small;\"><u><a href=\"mailto:annettehirzel@web.de\">annettehirzel@web<\/a><a href=\"mailto:info@hotel-im-hagen.de\">.de<\/a><\/u><\/span><\/td><\/tr><tr><td class=\"has-text-align-left\" data-align=\"left\"><span style=\"color: #000000; font-family: Arial; font-size: small;\"><b>VVS <\/b><\/span><\/td><td><span style=\"color: #000000; font-family: Arial; font-size: small;\">Gesch\u00e4ftsstelle<br>02223 909494<\/span><\/td><td><a href=\"mailto:poststelle@vv-siebengebirge.de\">poststelle@vv-siebengebirge.de<\/a><\/td><\/tr><tr><td class=\"has-text-align-left\" data-align=\"left\"><span style=\"color: #000000; font-family: Arial; font-size: small;\"><b>Wirteverein Ittenbach<\/b><\/span><\/td><td><span style=\"color: #000000; font-family: Arial; font-size: small;\">Thomas Prinz<br><\/span><span style=\"color: #000000; font-family: Arial; font-size: small;\">02223 21919<\/span><\/td><td><span style=\"color: #0000ca; font-family: Arial; font-size: small;\"><u><a href=\"mailto:kontakt@gasthaus-oelberg.de\">kontakt@gasthaus-oelberg.d<\/a><\/u><a href=\"mailto:info@hotel-im-hagen.de\"><u>e<\/u><\/a><\/span><\/td><\/tr><\/tbody><\/table><\/figure>\n","protected":false},"excerpt":{"rendered":"<p>Verein Ansprechpartner Telefon E-Mail &nbsp; &nbsp; &nbsp; B\u00fcrgerverein VVI e.V. Volker R\u00f6sener0173 3573310 info@ittenbach.org Club Carrom Alexander Sch\u00e4fer02223 NN carrom.club.7-gebirge@gmx.de DPSG &#8211; Stamm Idubag Thomas Welter02223 2959732 info@dpsg-ittenbach.de Ev. Kirchengemeinde &hellip; <\/p>\n<p class=\"link-more\"><a href=\"https:\/\/ittenbach.org\/?page_id=12203\" class=\"more-link\"><span class=\"screen-reader-text\">\u201eVereine in Ittenbach\u201c<\/span> weiterlesen<\/a><\/p>\n","protected":false},"author":2,"featured_media":0,"parent":12038,"menu_order":0,"comment_status":"closed","ping_status":"closed","template":"","meta":{"_bbp_topic_count":0,"_bbp_reply_count":0,"_bbp_total_topic_count":0,"_bbp_total_reply_count":0,"_bbp_voice_count":0,"_bbp_anonymous_reply_count":0,"_bbp_topic_count_hidden":0,"_bbp_reply_count_hidden":0,"_bbp_forum_subforum_count":0,"footnotes":""},"_links":{"self":[{"href":"https:\/\/ittenbach.org\/index.php?rest_route=\/wp\/v2\/pages\/12203"}],"collection":[{"href":"https:\/\/ittenbach.org\/index.php?rest_route=\/wp\/v2\/pages"}],"about":[{"href":"https:\/\/ittenbach.org\/index.php?rest_route=\/wp\/v2\/types\/page"}],"author":[{"embeddable":true,"href":"https:\/\/ittenbach.org\/index.php?rest_route=\/wp\/v2\/users\/2"}],"replies":[{"embeddable":true,"href":"https:\/\/ittenbach.org\/index.php?rest_route=%2Fwp%2Fv2%2Fcomments&post=12203"}],"version-history":[{"count":40,"href":"https:\/\/ittenbach.org\/index.php?rest_route=\/wp\/v2\/pages\/12203\/revisions"}],"predecessor-version":[{"id":13606,"href":"https:\/\/ittenbach.org\/index.php?rest_route=\/wp\/v2\/pages\/12203\/revisions\/13606"}],"up":[{"embeddable":true,"href":"https:\/\/ittenbach.org\/index.php?rest_route=\/wp\/v2\/pages\/12038"}],"wp:attachment":[{"href":"https:\/\/ittenbach.org\/index.php?rest_route=%2Fwp%2Fv2%2Fmedia&parent=12203"}],"curies":[{"name":"wp","href":"https:\/\/api.w.org\/{rel}","templated":true}]}}