{"id":12250,"date":"2018-01-27T13:51:16","date_gmt":"2018-01-27T13:51:16","guid":{"rendered":"http:\/\/web.ittenbach.org\/?page_id=12250"},"modified":"2022-11-29T15:46:57","modified_gmt":"2022-11-29T15:46:57","slug":"der-lehrer-die-kinder-und-das-grundgesetz","status":"publish","type":"page","link":"https:\/\/ittenbach.org\/?page_id=12250","title":{"rendered":"Der Lehrer, die Kinder und das Grundgesetz"},"content":{"rendered":"<div class=\"page\" title=\"Page 11\">\n<div class=\"section\">\n<div class=\"layoutArea\">\n<div class=\"column\">\n<p>Harry Schillings fuhr am 23. Mai 1949 mit seinen Sch\u00fctzlingen zur Ausrufung der Bundesrepublik nach Bonn.<\/p>\n<p>Ja, es gab und gibt solche Lehrer. Die mehr als ihr Pensum zwischen Pauken und Pausen schaffen. Und das kann schwer genug sein. Einer davon war der Hauptlehrer Harry Schillings (1902 &#8211; 1964) an der Ittenbacher Schule. Er hat Verfassungspatriotismus vorgelebt und dazu erzogen, bevor dieser politische Begriff erfunden war. Indem er am 23. Mai 1949 nicht im Dorf blieb, sondern seine Sch\u00fcler in die provisorische Bun- des-Hauptstadt Bonn f\u00fchrte. Provisorium &#8211; das nahm damals jeder ernst. Vielleicht auch wegen der urrheinischen Erfahrung, dass Provisorien besonders lang halten.<\/p>\n<p>Daran hat Harry Schillings nat\u00fcrlich nicht gedacht, als er mit seinen Kindern aus dem Siebengebirge an den Rhein fuhr. Er war der Herkunft nach ein Patriot aus Berlin und dem deutschen Osten, in der Aegidienberg und Ittenbach zum Rhein- l\u00e4nder wurde. Seinem in Ittenbach le- benden Sohn Heiner hat er beides vererbt, die rheinische Verwurzelung und die Neugier auf Masuren oder Schlesien.<\/p>\n<p>Der Hauptlehrer f\u00fchrte mit klarer Handschrift eine Schul-Chronik, unter Ein- schluss der Ergebnisse der ersten Bundestagswahl im Dorf am 14. August 1949 mit sehr gro\u00dfer CDU-Mehrheit und einem Kommentar zur Ausrufung der DDR am 7. Oktober: \u201eDamit ist die Trennung zwischen Ost und Westdeutschland scheinbar vollendet. Es ist nicht abzusehen, wann wir wieder ein einziges Deutschland sein werden. Trotzdem geben wir die Hoffnung nicht auf.\u201c<\/p>\n<figure id=\"attachment_12251\" aria-describedby=\"caption-attachment-12251\" style=\"width: 300px\" class=\"wp-caption alignleft\"><img decoding=\"async\" loading=\"lazy\" class=\"size-medium wp-image-12251\" src=\"http:\/\/web.ittenbach.org\/wp-content\/uploads\/2018\/01\/Bildschirmfoto-2018-01-27-um-14.47.35-300x206.png\" alt=\"\" width=\"300\" height=\"206\" srcset=\"https:\/\/ittenbach.org\/wp-content\/uploads\/2018\/01\/Bildschirmfoto-2018-01-27-um-14.47.35-300x206.png 300w, https:\/\/ittenbach.org\/wp-content\/uploads\/2018\/01\/Bildschirmfoto-2018-01-27-um-14.47.35.png 480w\" sizes=\"(max-width: 300px) 100vw, 300px\" \/><figcaption id=\"caption-attachment-12251\" class=\"wp-caption-text\">Als Konrad Adenauer die Bundesrepublik ausrief, waren die Ittenbacher Zeugen ganz in der N\u00e4he<\/figcaption><\/figure>\n<p>Schillings Chronik ist ein Zeugnis der fr\u00fchen Bundesrepublik, ihrer Hoffnun- gen, aber auch ihrer Verklemmungen im Konfessionalismus, den sie erst nach und nach \u00fcberwand. \u00dcbrigens nicht zu- letzt mit dem Erfolg der CDU als erster \u201e\u00f6kumenischer&#8220; Partei. Das war sie \u00f6rtlich 1949 erst im Ansatz, sonst h\u00e4tte der Hauptlehrer nicht katholischen Eltern mit Erfolg trotzen m\u00fcssen, die wegen der Anstellung des ersten evangelischen Lehrers Rudolf Moritz am 1. Juli 1949 den Schulboykott f\u00fcr 41 katholische Kinder ausgerufen hatten.Aber auch diese Eltern hatten zuvor nichts dagegen, dass Schillings mit allen Kindern beider Konfessionen am<\/p>\n<p>23. Mai 1949 bei der Verk\u00fcndung des Grundgesetzes und der Ausrufung der Bundesrepublik in Bonn war. Seine Begr\u00fcndung ist es wert, nicht vergessen zu werden: \u201eWenn es sich auch um ein Provisorium handelt, da die Ostzone zwangsl\u00e4ufig ausgeschlossen bleiben muss, so ist dieser Tag trotzdem nicht leicht zu \u00fcbersch\u00e4tzen. Von heute an leben wir Deutsche nicht mehr im Nichts, sondern wieder in einem Staatswesen. Und es ist erschreckend, wie gering der Widerhall dieses Ereig- nisses in der breiten Volksmasse ist. Ich bin nach Bonn gefahren, um den Kindern die Wichtigkeit des Tages na- hezubringen. Wenn wir auch au\u00dfer der beflaggten Akademie und einer An- h\u00e4ufung luxuri\u00f6ser Autos kaum etwas sahen, die Kinder sind jedenfalls mit einem Ahnen davon heim gekommen, dass sie an einem tief einschneidenden Ereignis teilgenommen haben.&#8220; Aus gleicher Motivation w\u00e4re er gern zur ersten Rede des neuen Bundespr\u00e4si- denten Theodor Heuss auf dem Bonner Marktplatz am 12. September 1949 mit seinen Sch\u00fclern erschienen, nachdem er notierte, dass an jenem Tag auch der Bundeskanzler Konrad Adenauer vom Bundestag mit nur einer Stimme Mehrheit gew\u00e4hlt worden war: \u201eMit Pr\u00e4sident und Kanzler bekommt unser Staatswesen endlich ein Gesicht und wird aktionsf\u00e4hig.<\/p>\n<p>Die Anteilnahme der Bev\u00f6lkerung war wesentlich gr\u00f6\u00dfer als bei der Ausrufung der Bundesrepublik, zumal die entschei- denden Sitzungen durch Rundfunk \u00fcbertragen wurden.&#8220; An jenem 12. Sep- tember holte sich das Staatsoberhaupt \u201edas Vollwort des Volkes&#8220; ein, um es in den Worten von Heuss zu sagen. \u201eAber die erste Ansprache des Pr\u00e4sidenten an das Volk lag leider in den Abendstun- den.&#8220; So schrieb der Geschichtszeuge Harry Schillings. Ohne hinzuf\u00fcgen, dass die Busverbindungen am Abend von Bonn nach Ittenbach offensichtlich schon 1949 so schlecht waren wie heute.<\/p>\n<hr>\n<p>Text: <em>Helmut Herles<\/em><\/p>\n<\/div>\n<\/div>\n<\/div>\n<\/div>\n","protected":false},"excerpt":{"rendered":"<p>Harry Schillings fuhr am 23. Mai 1949 mit seinen Sch\u00fctzlingen zur Ausrufung der Bundesrepublik nach Bonn. Ja, es gab und gibt solche Lehrer. Die mehr als ihr Pensum zwischen Pauken &hellip; <\/p>\n<p class=\"link-more\"><a href=\"https:\/\/ittenbach.org\/?page_id=12250\" class=\"more-link\"><span class=\"screen-reader-text\">\u201eDer Lehrer, die Kinder und das Grundgesetz\u201c<\/span> weiterlesen<\/a><\/p>\n","protected":false},"author":1,"featured_media":0,"parent":12036,"menu_order":0,"comment_status":"closed","ping_status":"closed","template":"","meta":{"_bbp_topic_count":0,"_bbp_reply_count":0,"_bbp_total_topic_count":0,"_bbp_total_reply_count":0,"_bbp_voice_count":0,"_bbp_anonymous_reply_count":0,"_bbp_topic_count_hidden":0,"_bbp_reply_count_hidden":0,"_bbp_forum_subforum_count":0,"footnotes":""},"_links":{"self":[{"href":"https:\/\/ittenbach.org\/index.php?rest_route=\/wp\/v2\/pages\/12250"}],"collection":[{"href":"https:\/\/ittenbach.org\/index.php?rest_route=\/wp\/v2\/pages"}],"about":[{"href":"https:\/\/ittenbach.org\/index.php?rest_route=\/wp\/v2\/types\/page"}],"author":[{"embeddable":true,"href":"https:\/\/ittenbach.org\/index.php?rest_route=\/wp\/v2\/users\/1"}],"replies":[{"embeddable":true,"href":"https:\/\/ittenbach.org\/index.php?rest_route=%2Fwp%2Fv2%2Fcomments&post=12250"}],"version-history":[{"count":4,"href":"https:\/\/ittenbach.org\/index.php?rest_route=\/wp\/v2\/pages\/12250\/revisions"}],"predecessor-version":[{"id":12963,"href":"https:\/\/ittenbach.org\/index.php?rest_route=\/wp\/v2\/pages\/12250\/revisions\/12963"}],"up":[{"embeddable":true,"href":"https:\/\/ittenbach.org\/index.php?rest_route=\/wp\/v2\/pages\/12036"}],"wp:attachment":[{"href":"https:\/\/ittenbach.org\/index.php?rest_route=%2Fwp%2Fv2%2Fmedia&parent=12250"}],"curies":[{"name":"wp","href":"https:\/\/api.w.org\/{rel}","templated":true}]}}