{"id":12978,"date":"2022-11-29T12:52:20","date_gmt":"2022-11-29T12:52:20","guid":{"rendered":"https:\/\/ittenbach.org\/?page_id=12978"},"modified":"2023-10-12T10:41:21","modified_gmt":"2023-10-12T10:41:21","slug":"60jahre-buergerverein","status":"publish","type":"page","link":"https:\/\/ittenbach.org\/?page_id=12978","title":{"rendered":"60 Jahre B\u00fcrgerverein"},"content":{"rendered":"\n<p>Zum 60-j\u00e4hrigen Bestehen des Vereins hat der Vorstand eine Festschrift herausgegeben.<br>Ausz\u00fcge sind als eigenst\u00e4ndige Seiten nachstehend dargestellt.<\/p>\n\n\n\n<p>Das gesamte Dokument wurde im virtuellen Heimatmuseum K\u00f6nigswinter-Bergregion unter folgendem Link ver\u00f6ffentlicht und kann dort nachgelesen werden.<\/p>\n\n\n\n<ul>\n<li><a href=\"http:\/\/www.virtuelles-heimatmuseum.de\/ittenbach\/historie_data\/dokument\/60_Jahre_VVI.pdf\">\u200ewww.virtuelles-heimatmuseum.de\/ittenbach\/historie_data\/dokument\/60_Jahre_VVI.pdf<\/a><\/li>\n<\/ul>\n","protected":false},"excerpt":{"rendered":"<p>Zum 60-j\u00e4hrigen Bestehen des Vereins hat der Vorstand eine Festschrift herausgegeben.Ausz\u00fcge sind als eigenst\u00e4ndige Seiten nachstehend dargestellt. Das gesamte Dokument wurde im virtuellen Heimatmuseum K\u00f6nigswinter-Bergregion unter folgendem Link ver\u00f6ffentlicht und &hellip; <\/p>\n<p class=\"link-more\"><a href=\"https:\/\/ittenbach.org\/?page_id=12978\" class=\"more-link\"><span class=\"screen-reader-text\">\u201e60 Jahre B\u00fcrgerverein\u201c<\/span> weiterlesen<\/a><\/p>\n","protected":false},"author":6,"featured_media":0,"parent":12036,"menu_order":1,"comment_status":"closed","ping_status":"closed","template":"","meta":{"_bbp_topic_count":0,"_bbp_reply_count":0,"_bbp_total_topic_count":0,"_bbp_total_reply_count":0,"_bbp_voice_count":0,"_bbp_anonymous_reply_count":0,"_bbp_topic_count_hidden":0,"_bbp_reply_count_hidden":0,"_bbp_forum_subforum_count":0,"footnotes":""},"_links":{"self":[{"href":"https:\/\/ittenbach.org\/index.php?rest_route=\/wp\/v2\/pages\/12978"}],"collection":[{"href":"https:\/\/ittenbach.org\/index.php?rest_route=\/wp\/v2\/pages"}],"about":[{"href":"https:\/\/ittenbach.org\/index.php?rest_route=\/wp\/v2\/types\/page"}],"author":[{"embeddable":true,"href":"https:\/\/ittenbach.org\/index.php?rest_route=\/wp\/v2\/users\/6"}],"replies":[{"embeddable":true,"href":"https:\/\/ittenbach.org\/index.php?rest_route=%2Fwp%2Fv2%2Fcomments&post=12978"}],"version-history":[{"count":2,"href":"https:\/\/ittenbach.org\/index.php?rest_route=\/wp\/v2\/pages\/12978\/revisions"}],"predecessor-version":[{"id":13129,"href":"https:\/\/ittenbach.org\/index.php?rest_route=\/wp\/v2\/pages\/12978\/revisions\/13129"}],"up":[{"embeddable":true,"href":"https:\/\/ittenbach.org\/index.php?rest_route=\/wp\/v2\/pages\/12036"}],"wp:attachment":[{"href":"https:\/\/ittenbach.org\/index.php?rest_route=%2Fwp%2Fv2%2Fmedia&parent=12978"}],"curies":[{"name":"wp","href":"https:\/\/api.w.org\/{rel}","templated":true}]}}