{"id":13134,"date":"2023-10-12T11:15:39","date_gmt":"2023-10-12T11:15:39","guid":{"rendered":"https:\/\/ittenbach.org\/?page_id=13134"},"modified":"2023-10-12T13:57:03","modified_gmt":"2023-10-12T13:57:03","slug":"50-jahre-buergerverein","status":"publish","type":"page","link":"https:\/\/ittenbach.org\/?page_id=13134","title":{"rendered":"50 Jahre B\u00fcrgerverein"},"content":{"rendered":"\n<p>Zum 50-j\u00e4hrigen Bestehen des Vereins hat der Vorstand eine Festschrift herausgegeben.<br><strong>Das Dorf<br>Die Menschen<br>Die Stra\u00dfe<\/strong><\/p>\n\n\n\n<p>Das gesamte Dokument wurde im virtuellen Heimatmuseum K\u00f6nigswinter-Bergregion unter folgendem Link ver\u00f6ffentlicht und kann dort nachgelesen werden. <\/p>\n\n\n\n<p><\/p>\n\n\n\n<p><a href=\"https:\/\/www.virtuelles-heimatmuseum.de\/ittenbach\/historie_data\/dokument\/1999_50_Jahre_VVI_eV_Ittenbach-komprimiert.pdf\">https:\/\/www.virtuelles-heimatmuseum.de\/ittenbach\/historie_data\/dokument\/1999_50_Jahre_VVI_eV_Ittenbach-komprimiert.pdf<\/a><\/p>\n\n\n\n<p><\/p>\n\n\n\n<p><\/p>\n","protected":false},"excerpt":{"rendered":"<p>Zum 50-j\u00e4hrigen Bestehen des Vereins hat der Vorstand eine Festschrift herausgegeben.Das DorfDie MenschenDie Stra\u00dfe Das gesamte Dokument wurde im virtuellen Heimatmuseum K\u00f6nigswinter-Bergregion unter folgendem Link ver\u00f6ffentlicht und kann dort nachgelesen &hellip; <\/p>\n<p class=\"link-more\"><a href=\"https:\/\/ittenbach.org\/?page_id=13134\" class=\"more-link\"><span class=\"screen-reader-text\">\u201e50 Jahre B\u00fcrgerverein\u201c<\/span> weiterlesen<\/a><\/p>\n","protected":false},"author":6,"featured_media":0,"parent":12036,"menu_order":1,"comment_status":"closed","ping_status":"closed","template":"","meta":{"_bbp_topic_count":0,"_bbp_reply_count":0,"_bbp_total_topic_count":0,"_bbp_total_reply_count":0,"_bbp_voice_count":0,"_bbp_anonymous_reply_count":0,"_bbp_topic_count_hidden":0,"_bbp_reply_count_hidden":0,"_bbp_forum_subforum_count":0,"footnotes":""},"_links":{"self":[{"href":"https:\/\/ittenbach.org\/index.php?rest_route=\/wp\/v2\/pages\/13134"}],"collection":[{"href":"https:\/\/ittenbach.org\/index.php?rest_route=\/wp\/v2\/pages"}],"about":[{"href":"https:\/\/ittenbach.org\/index.php?rest_route=\/wp\/v2\/types\/page"}],"author":[{"embeddable":true,"href":"https:\/\/ittenbach.org\/index.php?rest_route=\/wp\/v2\/users\/6"}],"replies":[{"embeddable":true,"href":"https:\/\/ittenbach.org\/index.php?rest_route=%2Fwp%2Fv2%2Fcomments&post=13134"}],"version-history":[{"count":4,"href":"https:\/\/ittenbach.org\/index.php?rest_route=\/wp\/v2\/pages\/13134\/revisions"}],"predecessor-version":[{"id":13141,"href":"https:\/\/ittenbach.org\/index.php?rest_route=\/wp\/v2\/pages\/13134\/revisions\/13141"}],"up":[{"embeddable":true,"href":"https:\/\/ittenbach.org\/index.php?rest_route=\/wp\/v2\/pages\/12036"}],"wp:attachment":[{"href":"https:\/\/ittenbach.org\/index.php?rest_route=%2Fwp%2Fv2%2Fmedia&parent=13134"}],"curies":[{"name":"wp","href":"https:\/\/api.w.org\/{rel}","templated":true}]}}